{"id":170,"date":"2013-03-18T12:30:45","date_gmt":"2013-03-18T10:30:45","guid":{"rendered":"http:\/\/suchtpraevention-eschwege.de\/?page_id=170"},"modified":"2026-03-06T08:56:27","modified_gmt":"2026-03-06T07:56:27","slug":"halt-projekt-alkoholpravention-bei-kindern-und-jugendlichen","status":"publish","type":"page","link":"https:\/\/suchtpraevention-eschwege.de\/?page_id=170","title":{"rendered":"HaLT &#8211; Hart am LimiT &#8211; Alkoholpr\u00e4vention bei Kindern und Jugendlichen"},"content":{"rendered":"<p><a href=\"https:\/\/suchtpraevention-eschwege.de\/wp-content\/uploads\/2019\/08\/LOGO_HaLT_HartamLimiT_RGB.jpg\"><img loading=\"lazy\" decoding=\"async\" class=\"wp-image-2503 alignleft\" src=\"https:\/\/suchtpraevention-eschwege.de\/wp-content\/uploads\/2019\/08\/LOGO_HaLT_HartamLimiT_RGB-1024x369.jpg\" alt=\"\" width=\"255\" height=\"97\" \/><\/a><\/p>\n<p>HaLT, ein bundesweites Pr\u00e4ventionsprojekt, verfolgt das Ziel, Jugendliche und junge Erwachsene zwischen 12 und 21 Jahren, die risikoreich <strong>Alkohol<\/strong> und auch <strong>illegale Drogen<\/strong> konsumieren, gezielt anzusprechen und den Konsum kritisch zu hinterfragen. Ziel ist es, einen <strong>verantwortungsvollen Umgang mit Alkohol zu f\u00f6rdern<\/strong> und die \u00d6ffentlichkeit zu sensibilisieren. Dabei spielen Eltern als Vorbildfunktion nat\u00fcrlich eine wichtige Rolle.<\/p>\n<p>Das Programm besteht aus zwei unterschiedlichen Bausteinen, die sich gegenseitig erg\u00e4nzen und verst\u00e4rken.<\/p>\n<p>Im <strong>reaktiven Projektbaustein<\/strong> werden Jugendliche und deren Eltern nach station\u00e4r behandelter Alkoholvergiftung mit der Sofortintervention meist noch im Krankenhaus angesprochen. Die Beratungsgespr\u00e4che finden aber auch in der Fachstelle statt. <strong>Die Gespr\u00e4che sind kostenfrei, freiwillig und unterliegen der Schweigepflicht.<\/strong><br \/>Im <strong>proaktiven Baustein<\/strong> gibt es weitere Schnittstellen, um Jugendliche mit riskantem Alkoholkonsum fr\u00fchzeitig zu erreichen, z.B. Jugendf\u00f6rderung, Jugendpflege, Schulsozialarbeit, B\u00fcrgermeister etc.<\/p>\n<p>Weitere Informationen zum bundesweiten Projekt finden Sie auch auf <a href=\"https:\/\/halt.de\/\">halt.de<\/a><\/p>\n<p>Besuchen Sie auch gerne unseren <a href=\"https:\/\/www.facebook.com\/HaLTWerraMeissner\">Facebook-Auftritt<\/a> oder unsere Instagram-Seite @halt_werrameissner<\/p>\n<p><strong>F\u00fcr weitere Informationen, Beratung oder Fragen zum HaLT-Projekt im Werra-Mei\u00dfner-Kreis stehen wir Ihnen gerne zur Verf\u00fcgung. <\/strong><\/p>\n\n\n<p><strong>INFOMATERIALIEN<\/strong><\/p>\n\n\n\n<div class=\"wp-block-file\"><a href=\"https:\/\/suchtpraevention-eschwege.de\/wp-content\/uploads\/2020\/11\/Was-ist-HaLT-fuer-Eltern_mit-GKV-Logo.pdf\">Was ist HaLT fuer Eltern<\/a><a href=\"https:\/\/suchtpraevention-eschwege.de\/wp-content\/uploads\/2020\/11\/Was-ist-HaLT-fuer-Eltern_mit-GKV-Logo.pdf\" class=\"wp-block-file__button wp-element-button\" download>Herunterladen<\/a><\/div>\n\n\n\n<div class=\"wp-block-file\"><a href=\"https:\/\/suchtpraevention-eschwege.de\/wp-content\/uploads\/2020\/11\/Was-ist-HaLT-fuer-Jugendl-und-junge-Erw_mit-GKV-Logo.pdf\">Was ist HaLT fuer Jugendliche und junge Erwachsene<\/a><a href=\"https:\/\/suchtpraevention-eschwege.de\/wp-content\/uploads\/2020\/11\/Was-ist-HaLT-fuer-Jugendl-und-junge-Erw_mit-GKV-Logo.pdf\" class=\"wp-block-file__button wp-element-button\" download>Herunterladen<\/a><\/div>\n\n\n\n<div class=\"wp-block-file\"><a href=\"https:\/\/suchtpraevention-eschwege.de\/wp-content\/uploads\/2020\/11\/Was-ist-HaLT_Infoflyer_mit-GKV-Logo.pdf\">Was ist HaLT<\/a><a href=\"https:\/\/suchtpraevention-eschwege.de\/wp-content\/uploads\/2020\/11\/Was-ist-HaLT_Infoflyer_mit-GKV-Logo.pdf\" class=\"wp-block-file__button wp-element-button\" download>Herunterladen<\/a><\/div>\n\n\n\n<p><\/p>\n","protected":false},"excerpt":{"rendered":"<p>HaLT, ein bundesweites Pr\u00e4ventionsprojekt, verfolgt das Ziel, Jugendliche und junge Erwachsene zwischen 12 und 21 Jahren, die risikoreich Alkohol und auch illegale Drogen konsumieren, gezielt anzusprechen und den Konsum kritisch zu hinterfragen. Ziel ist es, einen verantwortungsvollen Umgang mit Alkohol zu f\u00f6rdern und die \u00d6ffentlichkeit zu sensibilisieren. Dabei spielen Eltern als Vorbildfunktion nat\u00fcrlich eine wichtige [&hellip;]<\/p>\n","protected":false},"author":6,"featured_media":0,"parent":0,"menu_order":0,"comment_status":"closed","ping_status":"open","template":"","meta":{"footnotes":""},"class_list":["post-170","page","type-page","status-publish","hentry"],"_links":{"self":[{"href":"https:\/\/suchtpraevention-eschwege.de\/index.php?rest_route=\/wp\/v2\/pages\/170","targetHints":{"allow":["GET"]}}],"collection":[{"href":"https:\/\/suchtpraevention-eschwege.de\/index.php?rest_route=\/wp\/v2\/pages"}],"about":[{"href":"https:\/\/suchtpraevention-eschwege.de\/index.php?rest_route=\/wp\/v2\/types\/page"}],"author":[{"embeddable":true,"href":"https:\/\/suchtpraevention-eschwege.de\/index.php?rest_route=\/wp\/v2\/users\/6"}],"replies":[{"embeddable":true,"href":"https:\/\/suchtpraevention-eschwege.de\/index.php?rest_route=%2Fwp%2Fv2%2Fcomments&post=170"}],"version-history":[{"count":66,"href":"https:\/\/suchtpraevention-eschwege.de\/index.php?rest_route=\/wp\/v2\/pages\/170\/revisions"}],"predecessor-version":[{"id":22249,"href":"https:\/\/suchtpraevention-eschwege.de\/index.php?rest_route=\/wp\/v2\/pages\/170\/revisions\/22249"}],"wp:attachment":[{"href":"https:\/\/suchtpraevention-eschwege.de\/index.php?rest_route=%2Fwp%2Fv2%2Fmedia&parent=170"}],"curies":[{"name":"wp","href":"https:\/\/api.w.org\/{rel}","templated":true}]}}