{"id":184,"date":"2013-03-25T11:09:59","date_gmt":"2013-03-25T09:09:59","guid":{"rendered":"http:\/\/suchtpraevention-eschwege.de\/?page_id=184"},"modified":"2020-01-07T13:09:06","modified_gmt":"2020-01-07T11:09:06","slug":"workshop-fur-suchtpravention","status":"publish","type":"page","link":"https:\/\/suchtpraevention-eschwege.de\/?page_id=184","title":{"rendered":"Workshops f\u00fcr Suchtpr\u00e4vention ab 7. Klasse"},"content":{"rendered":"<p><a href=\"https:\/\/suchtpraevention-eschwege.de\/wp-content\/uploads\/2013\/03\/rauschbrille.jpg\"><img loading=\"lazy\" decoding=\"async\" class=\" wp-image-227 alignleft\" style=\"border: 3px solid black; margin-top: 3px; margin-bottom: 3px;\" src=\"https:\/\/suchtpraevention-eschwege.de\/wp-content\/uploads\/2013\/03\/rauschbrille.jpg\" alt=\"rauschbrille\" width=\"130\" height=\"100\" \/><\/a>Liebe LehrerInnen und SchulsozialarbeiterInnen,<\/p>\n<p>im Rahmen des HaLT-Projektes im Werra-Meissner-Kreis bieten wir f\u00fcr alle Sch\u00fcler und Sch\u00fclerinnen in Jahrgangsstufe 7 und 8 einen Workshop zur Alkoholpr\u00e4vention an. In der Regel sind wir mit mehreren Honorarkr\u00e4ften 2 Tage an den Schulen und f\u00fcllen dort den Schultag mit Inhalten aus der Alkoholpr\u00e4vention z.B. der Rauschbrille. Die Termine werden zeitnah an die Ansprechpartner in den Schulen im Werra-Meissner-Kreis per Mail versendet. Sollten Sie keine Mail erhalten haben, dann kontaktieren Sie uns.<\/p>\n<p>Bei Fragen wenden Sie sich bitte an <a href=\"mailto:suchtpraevention@diakonie-werra-meissner.de\">suchtpraevention@diakonie-werra-meissner.de<\/a><\/p>\n<p>&nbsp;<\/p>\n<p>&nbsp;<\/p>\n","protected":false},"excerpt":{"rendered":"<p>Liebe LehrerInnen und SchulsozialarbeiterInnen, im Rahmen des HaLT-Projektes im Werra-Meissner-Kreis bieten wir f\u00fcr alle Sch\u00fcler und Sch\u00fclerinnen in Jahrgangsstufe 7 und 8 einen Workshop zur Alkoholpr\u00e4vention an. In der Regel sind wir mit mehreren Honorarkr\u00e4ften 2 Tage an den Schulen und f\u00fcllen dort den Schultag mit Inhalten aus der Alkoholpr\u00e4vention z.B. der Rauschbrille. Die Termine [&hellip;]<\/p>\n","protected":false},"author":9,"featured_media":0,"parent":0,"menu_order":0,"comment_status":"closed","ping_status":"open","template":"","meta":{"footnotes":""},"class_list":["post-184","page","type-page","status-publish","hentry"],"_links":{"self":[{"href":"https:\/\/suchtpraevention-eschwege.de\/index.php?rest_route=\/wp\/v2\/pages\/184","targetHints":{"allow":["GET"]}}],"collection":[{"href":"https:\/\/suchtpraevention-eschwege.de\/index.php?rest_route=\/wp\/v2\/pages"}],"about":[{"href":"https:\/\/suchtpraevention-eschwege.de\/index.php?rest_route=\/wp\/v2\/types\/page"}],"author":[{"embeddable":true,"href":"https:\/\/suchtpraevention-eschwege.de\/index.php?rest_route=\/wp\/v2\/users\/9"}],"replies":[{"embeddable":true,"href":"https:\/\/suchtpraevention-eschwege.de\/index.php?rest_route=%2Fwp%2Fv2%2Fcomments&post=184"}],"version-history":[{"count":30,"href":"https:\/\/suchtpraevention-eschwege.de\/index.php?rest_route=\/wp\/v2\/pages\/184\/revisions"}],"predecessor-version":[{"id":1650,"href":"https:\/\/suchtpraevention-eschwege.de\/index.php?rest_route=\/wp\/v2\/pages\/184\/revisions\/1650"}],"wp:attachment":[{"href":"https:\/\/suchtpraevention-eschwege.de\/index.php?rest_route=%2Fwp%2Fv2%2Fmedia&parent=184"}],"curies":[{"name":"wp","href":"https:\/\/api.w.org\/{rel}","templated":true}]}}