{"id":1905,"date":"2017-05-04T09:24:29","date_gmt":"2017-05-04T07:24:29","guid":{"rendered":"http:\/\/suchtpraevention-eschwege.de\/?page_id=1905"},"modified":"2023-02-01T16:14:12","modified_gmt":"2023-02-01T14:14:12","slug":"psychosoziale-begleitbetreuung-psb","status":"publish","type":"page","link":"https:\/\/suchtpraevention-eschwege.de\/?page_id=1905","title":{"rendered":"Psychosoziale Begleitbetreuung (PSB) bei Substitution"},"content":{"rendered":"<p>Im Rahmen des hessischen Substitutionsprogramms bieten wir die Psychosoziale Begleitbetreuung (PSB) f\u00fcr Eschwege, Witzenhausen und Hessisch Lichtenau an. Die Ziele innerhalb der Betreuung sind dabei insbesondere:<\/p>\n<ul>\n<li>die Sicherstellung des \u00dcberlebens<\/li>\n<li>die Besserung und Stabilisierung des Gesundheitszustandes<\/li>\n<li>die Abstinenz von unerlaubt erworbenen Opioiden<\/li>\n<li>die Unterst\u00fctzung der Behandlung von Begleitkrankheiten<\/li>\n<li>die Verringerung der durch die Opioidabh\u00e4ngigkeit bedingten Risiken w\u00e4hrend einer Schwangerschaft sowie w\u00e4hrend und nach der Geburt<\/li>\n<\/ul>\n<p>Wir unterstehen der Schweigepflicht und unser Angebot ist kostenlos. Unsere Beratungsstelle steht im regelm\u00e4\u00dfigen Kontakt zu den Substitutionspraxen. Wenn Sie in die PSB aufgenommen werden m\u00f6chten oder Fragen dazu haben, dann rufen Sie unter der 05651-3394292 an.<\/p>\n","protected":false},"excerpt":{"rendered":"<p>Im Rahmen des hessischen Substitutionsprogramms bieten wir die Psychosoziale Begleitbetreuung (PSB) f\u00fcr Eschwege, Witzenhausen und Hessisch Lichtenau an. Die Ziele innerhalb der Betreuung sind dabei insbesondere: die Sicherstellung des \u00dcberlebens die Besserung und Stabilisierung des Gesundheitszustandes die Abstinenz von unerlaubt erworbenen Opioiden die Unterst\u00fctzung der Behandlung von Begleitkrankheiten die Verringerung der durch die Opioidabh\u00e4ngigkeit bedingten [&hellip;]<\/p>\n","protected":false},"author":6,"featured_media":0,"parent":0,"menu_order":0,"comment_status":"closed","ping_status":"closed","template":"","meta":{"footnotes":""},"class_list":["post-1905","page","type-page","status-publish","hentry"],"_links":{"self":[{"href":"https:\/\/suchtpraevention-eschwege.de\/index.php?rest_route=\/wp\/v2\/pages\/1905","targetHints":{"allow":["GET"]}}],"collection":[{"href":"https:\/\/suchtpraevention-eschwege.de\/index.php?rest_route=\/wp\/v2\/pages"}],"about":[{"href":"https:\/\/suchtpraevention-eschwege.de\/index.php?rest_route=\/wp\/v2\/types\/page"}],"author":[{"embeddable":true,"href":"https:\/\/suchtpraevention-eschwege.de\/index.php?rest_route=\/wp\/v2\/users\/6"}],"replies":[{"embeddable":true,"href":"https:\/\/suchtpraevention-eschwege.de\/index.php?rest_route=%2Fwp%2Fv2%2Fcomments&post=1905"}],"version-history":[{"count":9,"href":"https:\/\/suchtpraevention-eschwege.de\/index.php?rest_route=\/wp\/v2\/pages\/1905\/revisions"}],"predecessor-version":[{"id":3465,"href":"https:\/\/suchtpraevention-eschwege.de\/index.php?rest_route=\/wp\/v2\/pages\/1905\/revisions\/3465"}],"wp:attachment":[{"href":"https:\/\/suchtpraevention-eschwege.de\/index.php?rest_route=%2Fwp%2Fv2%2Fmedia&parent=1905"}],"curies":[{"name":"wp","href":"https:\/\/api.w.org\/{rel}","templated":true}]}}