{"id":215,"date":"2013-03-27T12:03:55","date_gmt":"2013-03-27T10:03:55","guid":{"rendered":"http:\/\/suchtpraevention-eschwege.de\/?page_id=215"},"modified":"2022-05-06T12:50:23","modified_gmt":"2022-05-06T10:50:23","slug":"papilio-pravention-im-kindergarten","status":"publish","type":"page","link":"https:\/\/suchtpraevention-eschwege.de\/?page_id=215","title":{"rendered":"Papilio &#8211; Pr\u00e4vention im Kindergarten"},"content":{"rendered":"<p><a href=\"https:\/\/suchtpraevention-eschwege.de\/wp-content\/uploads\/2013\/03\/papilio-freudibold.jpg\"><img loading=\"lazy\" decoding=\"async\" class=\" wp-image-216 alignleft\" src=\"https:\/\/suchtpraevention-eschwege.de\/wp-content\/uploads\/2013\/03\/papilio-freudibold-194x300.jpg\" alt=\"papilio-freudibold\" width=\"194\" height=\"300\" srcset=\"https:\/\/suchtpraevention-eschwege.de\/wp-content\/uploads\/2013\/03\/papilio-freudibold-194x300.jpg 194w, https:\/\/suchtpraevention-eschwege.de\/wp-content\/uploads\/2013\/03\/papilio-freudibold.jpg 270w\" sizes=\"auto, (max-width: 194px) 100vw, 194px\" \/><\/a><\/p>\n<p><strong>Was macht Papilio?<\/strong><\/p>\n<p>Papilio <strong>st\u00e4rkt die sozial-emotionalen Kompetenzen der Kinder<\/strong>, denn diese sind die Grundlage f\u00fcr das Erlernen aller anderen F\u00e4higkeiten. Papilio <strong>reduziert damit erste Verhaltensprobleme und beugt Sucht und Gewalt im Jugendalter vor<\/strong>. Das ist die Basis f\u00fcr ein selbstbestimmtes und eigenverantwortliches Leben im Erwachsenenalter.<\/p>\n<p>____________________________________________________________<\/p>\n<p><strong>Praxistauglich und wissenschaftlich<\/strong><\/p>\n<p>Fr\u00fchzeitige, wirksame Pr\u00e4vention ist eine der wichtigsten Herausforderungen unserer Zeit, viele Anstrengungen werden in diese Richtung unternommen. F\u00fcr die praktische Arbeit sind wissenschaftlich evaluierte und gleichzeitig praxistaugliche Pr\u00e4ventionsprogramme noch nicht sehr verbreitet.<\/p>\n<p><strong>PAPILIO<\/strong> ist ein aktuelles Pr\u00e4ventionsprogramm f\u00fcr Kinderg\u00e4rten, das genau diesen Mangel behebt: Es ist <strong>praxistauglich und wissenschaftlich bewiesen<\/strong>: PAPILIO reduziert Verhaltensauff\u00e4lligkeiten bei Kindern und steigert deren sozial-emotionale Kompetenz. Damit wirkt es fr\u00fchzeitig pr\u00e4ventiv gegen die Entwicklung von Sucht und Gewalt.<\/p>\n<p>____________________________________________________________<\/p>\n<p><strong>Die Besonderheiten von Papilio:<\/strong><\/p>\n<ul>\n<li>Einzigartige Kinderkulturp\u00e4dagogik, entwickelt mit der Augsburger Puppenkiste<\/li>\n<li>Belegt durch die gr\u00f6\u00dfte Kindergartenstudie in Deutschland<\/li>\n<li>Arbeit auf drei Ebenen: Erzieherinnen, Kinder, Eltern<\/li>\n<li>Intensive Schulung durch ausgebildete Trainer<\/li>\n<li>Kontinuierliche Betreuung und Qualit\u00e4tssicherung<\/li>\n<\/ul>\n<p>____________________________________________________________<\/p>\n<p><strong>Auch hier im Werra-Mei\u00dfner-Kreis sind schon zahlreiche Kinderg\u00e4rten zertifiziert:<\/strong><\/p>\n<ul>\n<li>Evangelische Kindertagesst\u00e4tte am Schwanenteich Eschwege<\/li>\n<li>Evangelischer Kindergarten Kreuzkirche<\/li>\n<li>AWO-Kindertagesst\u00e4tte \u201eWilde Wichtel\u201c Reichensachsen<\/li>\n<li>AWO-Kindertagesst\u00e4tte \u201eEichenzwerge\u201c Hoheneiche<\/li>\n<li>Evangelischer Kindergarten Rossbach, Witzenhausen<\/li>\n<\/ul>\n<p><strong>\u00a0Mit Papilio arbeiten au\u00dferdem:<\/strong><\/p>\n<ul>\n<li>Evangelischer Kindergarten \u201eSterntaler\u201c Niederhone<\/li>\n<li>St\u00e4dtischer Kindergarten \u201eFarbenland\u201c, Oberhone<\/li>\n<li>AWO-Kindertagesst\u00e4tte \u201eKleine Strolche\u201c Eschwege<\/li>\n<li>Evangelischer Kindergarten Hess.-Lichtenau<\/li>\n<li>AWO-Kindergarten \u201eHaus der kleinen F\u00fc\u00dfe\u201c Walburg<\/li>\n<li>Kindergarten Weidenhausen<\/li>\n<\/ul>\n<p>____________________________________________________________<\/p>\n<p><strong>PAPILIO<\/strong> wird vom Hessischen Sozialministerium, der AOK &#8211; Die Gesundheitskasse in Hessen, der Hessischen Landesstelle f\u00fcr Suchtfragen und dem Pr\u00e4ventionsnetzwerk der hessischen Fachstellen f\u00fcr Suchtpr\u00e4vention getragen.<\/p>\n<p>Papilio e.V. in Augsburg hat das Pr\u00e4ventionsprogramm entwickelt und setzt es jeweils mit regionalen Partnern um.<\/p>\n<p>____________________________________________________________<\/p>\n<p><strong> Mehr erfahren <a href=\"http:\/\/www.papilio.de\/\" target=\"_blank\" rel=\"noopener noreferrer\">&gt;&gt;hier<\/a><\/strong><\/p>\n","protected":false},"excerpt":{"rendered":"<p>Was macht Papilio? Papilio st\u00e4rkt die sozial-emotionalen Kompetenzen der Kinder, denn diese sind die Grundlage f\u00fcr das Erlernen aller anderen F\u00e4higkeiten. Papilio reduziert damit erste Verhaltensprobleme und beugt Sucht und Gewalt im Jugendalter vor. Das ist die Basis f\u00fcr ein selbstbestimmtes und eigenverantwortliches Leben im Erwachsenenalter. ____________________________________________________________ Praxistauglich und wissenschaftlich Fr\u00fchzeitige, wirksame Pr\u00e4vention ist eine [&hellip;]<\/p>\n","protected":false},"author":9,"featured_media":216,"parent":168,"menu_order":0,"comment_status":"closed","ping_status":"open","template":"","meta":{"footnotes":""},"class_list":["post-215","page","type-page","status-publish","has-post-thumbnail","hentry"],"_links":{"self":[{"href":"https:\/\/suchtpraevention-eschwege.de\/index.php?rest_route=\/wp\/v2\/pages\/215","targetHints":{"allow":["GET"]}}],"collection":[{"href":"https:\/\/suchtpraevention-eschwege.de\/index.php?rest_route=\/wp\/v2\/pages"}],"about":[{"href":"https:\/\/suchtpraevention-eschwege.de\/index.php?rest_route=\/wp\/v2\/types\/page"}],"author":[{"embeddable":true,"href":"https:\/\/suchtpraevention-eschwege.de\/index.php?rest_route=\/wp\/v2\/users\/9"}],"replies":[{"embeddable":true,"href":"https:\/\/suchtpraevention-eschwege.de\/index.php?rest_route=%2Fwp%2Fv2%2Fcomments&post=215"}],"version-history":[{"count":17,"href":"https:\/\/suchtpraevention-eschwege.de\/index.php?rest_route=\/wp\/v2\/pages\/215\/revisions"}],"predecessor-version":[{"id":3350,"href":"https:\/\/suchtpraevention-eschwege.de\/index.php?rest_route=\/wp\/v2\/pages\/215\/revisions\/3350"}],"up":[{"embeddable":true,"href":"https:\/\/suchtpraevention-eschwege.de\/index.php?rest_route=\/wp\/v2\/pages\/168"}],"wp:featuredmedia":[{"embeddable":true,"href":"https:\/\/suchtpraevention-eschwege.de\/index.php?rest_route=\/wp\/v2\/media\/216"}],"wp:attachment":[{"href":"https:\/\/suchtpraevention-eschwege.de\/index.php?rest_route=%2Fwp%2Fv2%2Fmedia&parent=215"}],"curies":[{"name":"wp","href":"https:\/\/api.w.org\/{rel}","templated":true}]}}