{"id":285,"date":"2013-03-27T16:45:01","date_gmt":"2013-03-27T14:45:01","guid":{"rendered":"http:\/\/suchtpraevention-eschwege.de\/?page_id=285"},"modified":"2026-03-06T09:20:47","modified_gmt":"2026-03-06T08:20:47","slug":"suchthilfe","status":"publish","type":"page","link":"https:\/\/suchtpraevention-eschwege.de\/?page_id=285","title":{"rendered":"Suchtberatung"},"content":{"rendered":"<p><strong><a href=\"https:\/\/suchtpraevention-eschwege.de\/wp-content\/uploads\/2013\/03\/life_coaching.jpg\"><img loading=\"lazy\" decoding=\"async\" class=\" wp-image-286 alignleft\" src=\"https:\/\/suchtpraevention-eschwege.de\/wp-content\/uploads\/2013\/03\/life_coaching-300x300.jpg\" alt=\"Wegweiser\" width=\"300\" height=\"300\" srcset=\"https:\/\/suchtpraevention-eschwege.de\/wp-content\/uploads\/2013\/03\/life_coaching-300x300.jpg 300w, https:\/\/suchtpraevention-eschwege.de\/wp-content\/uploads\/2013\/03\/life_coaching-150x150.jpg 150w, https:\/\/suchtpraevention-eschwege.de\/wp-content\/uploads\/2013\/03\/life_coaching.jpg 346w\" sizes=\"auto, (max-width: 300px) 100vw, 300px\" \/><\/a>Unsere Angebote:<br \/><\/strong><\/p>\n<ul>\n<li>Beratung bei Problemen mit Alkohol, illegalen Drogen, Medikamente, Gl\u00fccksspiel, exzessiver Medien- und Internetnutzung, Essst\u00f6rungen<\/li>\n<li>Angeh\u00f6rigenberatung<\/li>\n<li>Begleitung von Substituierten<\/li>\n<li>Therapievermittlung und -vorbereitung<\/li>\n<li>Ambulante Therapie<\/li>\n<li>Ambulante Rehabilitation nach durchgef\u00fchrter Entw\u00f6hnungsbehandlung<\/li>\n<li>MPU-Beratung<\/li>\n<li>Beratung auf Weisung<\/li>\n<\/ul>\n<h3 style=\"text-align: center;\"><strong>Unsere Beratung ist kostenlos und vertraulich!<\/strong><\/h3>\n<p>F\u00fcr Termine oder Fragen kontaktieren Sie uns bitte! <a title=\"Kontakt Suchthilfe\" href=\"https:\/\/suchtpraevention-eschwege.de\/kontakt-suchthilfe\/\">&gt;&gt;Kontakt<\/a><\/p>\n<p>Bei einem Anruf k\u00f6nnen Ihre ersten Fragen gekl\u00e4rt werden. In der Regel erhalten Sie bei dem zust\u00e4ndigen Kollegen oder der zust\u00e4ndigen Kollegin ein Erstgespr\u00e4ch. In diesem Gespr\u00e4ch k\u00f6nnen Ihre Fragen, Bedenken, Bef\u00fcrchtungen besprochen und gekl\u00e4rt werden. Es wird zudem mit Ihnen gemeinsam besprochen, wie eine weitere Beratung aussehen kann. Die Beratung ist immer freiwillig und wir unterstehen der Schweigepflicht.\u00a0<\/p>\n<p>Auch k\u00f6nnen Sie bei uns <strong>Antr\u00e4ge f\u00fcr eine Entw\u00f6hnungsbehandlung <\/strong>erhalten, sowie einen <strong>Sozialbericht<\/strong> aufnehmen lassen.<\/p>\n<p>Wir bieten Beratungen in Eschwege, Witzenhausen und Hessisch Lichtenau an. Wichtig: alle Termine werden \u00fcber die Hauptstelle in Eschwege vergeben.\u00a0<\/p>\n\n\n<p><\/p>\n","protected":false},"excerpt":{"rendered":"<p>Unsere Angebote: Beratung bei Problemen mit Alkohol, illegalen Drogen, Medikamente, Gl\u00fccksspiel, exzessiver Medien- und Internetnutzung, Essst\u00f6rungen Angeh\u00f6rigenberatung Begleitung von Substituierten Therapievermittlung und -vorbereitung Ambulante Therapie Ambulante Rehabilitation nach durchgef\u00fchrter Entw\u00f6hnungsbehandlung MPU-Beratung Beratung auf Weisung Unsere Beratung ist kostenlos und vertraulich! F\u00fcr Termine oder Fragen kontaktieren Sie uns bitte! &gt;&gt;Kontakt Bei einem Anruf k\u00f6nnen Ihre ersten [&hellip;]<\/p>\n","protected":false},"author":9,"featured_media":0,"parent":0,"menu_order":0,"comment_status":"closed","ping_status":"open","template":"","meta":{"footnotes":""},"class_list":["post-285","page","type-page","status-publish","hentry"],"_links":{"self":[{"href":"https:\/\/suchtpraevention-eschwege.de\/index.php?rest_route=\/wp\/v2\/pages\/285","targetHints":{"allow":["GET"]}}],"collection":[{"href":"https:\/\/suchtpraevention-eschwege.de\/index.php?rest_route=\/wp\/v2\/pages"}],"about":[{"href":"https:\/\/suchtpraevention-eschwege.de\/index.php?rest_route=\/wp\/v2\/types\/page"}],"author":[{"embeddable":true,"href":"https:\/\/suchtpraevention-eschwege.de\/index.php?rest_route=\/wp\/v2\/users\/9"}],"replies":[{"embeddable":true,"href":"https:\/\/suchtpraevention-eschwege.de\/index.php?rest_route=%2Fwp%2Fv2%2Fcomments&post=285"}],"version-history":[{"count":21,"href":"https:\/\/suchtpraevention-eschwege.de\/index.php?rest_route=\/wp\/v2\/pages\/285\/revisions"}],"predecessor-version":[{"id":22259,"href":"https:\/\/suchtpraevention-eschwege.de\/index.php?rest_route=\/wp\/v2\/pages\/285\/revisions\/22259"}],"wp:attachment":[{"href":"https:\/\/suchtpraevention-eschwege.de\/index.php?rest_route=%2Fwp%2Fv2%2Fmedia&parent=285"}],"curies":[{"name":"wp","href":"https:\/\/api.w.org\/{rel}","templated":true}]}}