{"id":2985,"date":"2021-03-15T16:33:16","date_gmt":"2021-03-15T14:33:16","guid":{"rendered":"http:\/\/suchtpraevention-eschwege.de\/?page_id=2985"},"modified":"2026-02-04T09:55:33","modified_gmt":"2026-02-04T08:55:33","slug":"downloads-2","status":"publish","type":"page","link":"https:\/\/suchtpraevention-eschwege.de\/?page_id=2985","title":{"rendered":"Downloads"},"content":{"rendered":"\n<p><strong>Hier finden Sie Kontakte, Informationen, Tipps, News und vieles mehr zum downloaden:<br><\/strong><\/p>\n\n\n\n<p>Jahresberichte der Fachstelle f\u00fcr Suchthilfe und Pr\u00e4vention:<\/p>\n\n\n\n<ul class=\"wp-block-list\">\n<li><a href=\"https:\/\/suchtpraevention-eschwege.de\/wp-content\/uploads\/2026\/02\/Jahresbericht-2024_Fachstelle-fuer-Suchthilfe-und-Praevention.pdf\" type=\"attachment\" id=\"22207\">Jahresbericht 2024<\/a><\/li>\n\n\n\n<li><a href=\"https:\/\/suchtpraevention-eschwege.de\/wp-content\/uploads\/2026\/02\/Jahresbericht_2023_Fachstelle-fuer-Suchthilfe-und-Praevention.pdf\" type=\"attachment\" id=\"22204\">Jahresbericht 2023<\/a><\/li>\n\n\n\n<li><a href=\"https:\/\/suchtpraevention-eschwege.de\/wp-content\/uploads\/2023\/06\/Jahresbericht-2022_Fachstelle-f%C3%BCr-Suchthilfe-und-Pr%C3%A4vention.pdf\" target=\"_blank\" rel=\"noreferrer noopener\">Jahresbericht 2022 <\/a><\/li>\n\n\n\n<li><a href=\"https:\/\/suchtpraevention-eschwege.de\/wp-content\/uploads\/2022\/06\/Jahresbericht-2021-Suchtberatung-und-hilfe.pdf\">Jahresbericht der Suchthilfe 2021<\/a><\/li>\n\n\n\n<li><a href=\"https:\/\/suchtpraevention-eschwege.de\/wp-content\/uploads\/2022\/06\/Jahresbericht-2021_final.pdf\">Jahresbericht 2021<\/a><\/li>\n\n\n\n<li><a href=\"https:\/\/suchtpraevention-eschwege.de\/wp-content\/uploads\/2021\/10\/Jahresbericht-2020.pdf\">Jahresbericht der Suchthilfe 2020<\/a><\/li>\n\n\n\n<li><a href=\"https:\/\/suchtpraevention-eschwege.de\/wp-content\/uploads\/2021\/08\/Jahresbericht-SP-2020.pdf\">Jahresbericht 2020<\/a><\/li>\n\n\n\n<li><a href=\"https:\/\/suchtpraevention-eschwege.de\/wp-content\/uploads\/2020\/11\/Jahresbericht-SP_2019_final.pdf\">Jahresbericht 2019<\/a><\/li>\n\n\n\n<li><a href=\"https:\/\/suchtpraevention-eschwege.de\/wp-content\/uploads\/2018\/03\/Jahresbericht-SP-2018.pdf\">Jahresbericht 2018<\/a><\/li>\n\n\n\n<li><a href=\"https:\/\/suchtpraevention-eschwege.de\/wp-content\/uploads\/2018\/07\/Jahresbericht-SP-2017.pdf\">Jahresbericht 2017<\/a><\/li>\n\n\n\n<li><a href=\"https:\/\/suchtpraevention-eschwege.de\/wp-content\/uploads\/2018\/07\/Jahresbericht-Suchtpr\u00e4vention-2016.pdf\">Jahresbericht 2016<\/a><\/li>\n\n\n\n<li><a href=\"https:\/\/suchtpraevention-eschwege.de\/wp-content\/uploads\/2013\/03\/Jahresbericht-SP-2015.pdf\">Jahresbericht 2015<\/a><\/li>\n\n\n\n<li><a href=\"https:\/\/suchtpraevention-eschwege.de\/wp-content\/uploads\/2015\/03\/Jahresbericht-2014-webversion.pdf\">Jahresbericht 2014<\/a><\/li>\n\n\n\n<li><a href=\"https:\/\/suchtpraevention-eschwege.de\/wp-content\/uploads\/2013\/03\/Jahresbericht13.pdf\">Jahresbericht 2013<\/a><\/li>\n\n\n\n<li><a href=\"https:\/\/suchtpraevention-eschwege.de\/wp-content\/uploads\/2013\/03\/Jahresbericht2012.pdf\">Jahresbericht 2012<\/a><\/li>\n<\/ul>\n\n\n\n<ul class=\"wp-block-list\">\n<li><a href=\"https:\/\/suchtpraevention-eschwege.de\/wp-content\/uploads\/2018\/07\/diakonie_flyer_suchthilfe.pdf\">Flyer Suchthilfe und Pr\u00e4vention<\/a><\/li>\n\n\n\n<li><a href=\"https:\/\/suchtpraevention-eschwege.de\/wp-content\/uploads\/2021\/08\/Flyer-Suchtpr\u00e4vention-2021.pdf\">Flyer Suchtpr\u00e4vention<\/a><\/li>\n\n\n\n<li><a href=\"https:\/\/suchtpraevention-eschwege.de\/wp-content\/uploads\/2021\/10\/Faltblatt-Suchthilfegruppen.pdf\">Faltblatt Suchtselbsthilfegruppen im Werra-Mei\u00dfner-Kreis und Umgebung<\/a><\/li>\n\n\n\n<li><a href=\"https:\/\/www.werra-meissner-kreis.de\/fileadmin\/01_Homepage_Kreisverwaltung\/Fachbereiche_und_Einrichtungen\/FB5_Gesundheit_Verbraucherschutz_Veterinaer\/5.3_Sozialer_Dienst\/WMK_Suchtberatungsfuehrer.pdf\" target=\"_blank\" rel=\"noreferrer noopener\">Suchtberatungsf\u00fchrer f\u00fcr den Werra-Mei\u00dfner-Krei<\/a><a href=\"https:\/\/www.werra-meissner-kreis.de\/fileadmin\/01_Homepage_Kreisverwaltung\/Fachbereiche_und_Einrichtungen\/FB5_Gesundheit_Verbraucherschutz_Veterinaer\/5.3_Sozialer_Dienst\/WMK_Suchtberatungsfuehrer.pdf\" target=\"_blank\" rel=\"noreferrer noopener\">s<\/a><\/li>\n<\/ul>\n\n\n\n<p>Konfirmation &amp; Alkohol:<\/p>\n\n\n\n<ul class=\"wp-block-list\">\n<li><a href=\"https:\/\/suchtpraevention-eschwege.de\/wp-content\/uploads\/2018\/07\/elternbrief_2015.pdf\">Elternbrief zur Konfirmation<\/a><\/li>\n<\/ul>\n\n\n\n<p>Alkoholfreie Cocktailrezepte:<\/p>\n\n\n\n<ul class=\"wp-block-list\">\n<li><a href=\"https:\/\/suchtpraevention-eschwege.de\/wp-content\/uploads\/2013\/03\/Cocktails-der-juice-box.pdf\">Cocktails der Juice-Box<\/a><\/li>\n\n\n\n<li><a href=\"https:\/\/suchtpraevention-eschwege.de\/wp-content\/uploads\/2013\/03\/Alkoholfreie-Cocktailrezepte-der-BzgA.pdf\">Alkoholfreie Cocktailrezepte der BZgA<\/a><\/li>\n<\/ul>\n\n\n\n<p>Infomaterial der Bundeszentrale f\u00fcr gesundheitliche Aufkl\u00e4rung (BZgA):<\/p>\n\n\n\n<ul class=\"wp-block-list\">\n<li><a href=\"https:\/\/suchtpraevention-eschwege.de\/wp-content\/uploads\/2013\/03\/F\u00fcr-alle-die-einem-Betroffenen-helfen-wollen.pdf\">F\u00fcr alle, die einem Betroffenen helfen wollen (BZgA, deutsch)<\/a><\/li>\n\n\n\n<li><a href=\"https:\/\/suchtpraevention-eschwege.de\/wp-content\/uploads\/2013\/03\/F\u00fcr-alle-die-einem-Betroffenen-helfen-wollen-BzgA-englisch.pdf\">F\u00fcr alle, die einem Betroffenen helfen wollen (BZgA, englisch)<\/a><\/li>\n\n\n\n<li><a href=\"https:\/\/suchtpraevention-eschwege.de\/wp-content\/uploads\/2013\/06\/CO-Abh\u00e4ngigkeit-Brosch\u00fcre_BlauKreuz.pdf\">Was ist Co-Abh\u00e4ngigkeit?<\/a> (BlauKreuz)<\/li>\n\n\n\n<li><a href=\"https:\/\/suchtpraevention-eschwege.de\/wp-content\/uploads\/2019\/07\/32101900.pdf\">Alkohol \u2013 reden wir dar\u00fcber! BZgA<\/a><\/li>\n\n\n\n<li><a href=\"https:\/\/suchtpraevention-eschwege.de\/wp-content\/uploads\/2013\/03\/Starke-Kinder-BzgA.pdf\">Starke Kinder (BZgA)<\/a><\/li>\n<\/ul>\n\n\n\n<ul class=\"wp-block-list\">\n<li><a href=\"https:\/\/suchtpraevention-eschwege.de\/wp-content\/uploads\/2019\/07\/32010000.pdf\">Tipps f\u00fcr einen verantwortungsvollen Umgang mit Alkohol (BZgA)<\/a><\/li>\n\n\n\n<li><a href=\"https:\/\/suchtpraevention-eschwege.de\/wp-content\/uploads\/2013\/03\/Alkoholfrei-leben-Tipps-der-BzgA.pdf\">Alkoholfrei leben \u2013 Tipps der BZgA<\/a><\/li>\n<\/ul>\n\n\n\n<ul class=\"wp-block-list\">\n<li><a href=\"https:\/\/suchtpraevention-eschwege.de\/wp-content\/uploads\/2013\/03\/Wenn-Spiel-zur-Sucht-wird-BzgA-Brosch\u00fcre.pdf\">Wenn Spiel zur Sucht wird (BZgA-Brosch\u00fcre)<\/a><\/li>\n\n\n\n<li><a href=\"https:\/\/suchtpraevention-eschwege.de\/wp-content\/uploads\/2013\/03\/Gl\u00fccksspielsucht-Eine-BzgA-Brosch\u00fcre-f\u00fcr-angeh\u00f6rige.pdf\">Gl\u00fccksspielsucht \u2013 Eine BZgA-Brosch\u00fcre f\u00fcr Angeh\u00f6rige<\/a><\/li>\n<\/ul>\n\n\n\n<p>Aus dem HaLT-Projekt:<\/p>\n\n\n\n<ul class=\"wp-block-list\">\n<li><a href=\"https:\/\/suchtpraevention-eschwege.de\/wp-content\/uploads\/2020\/01\/14.-HaLT_WMK_Ausgabe-4_2016.pdf\">14. HaLT_WMK_Ausgabe 4_2016<\/a><\/li>\n\n\n\n<li><a href=\"https:\/\/suchtpraevention-eschwege.de\/wp-content\/uploads\/2020\/01\/15.-HaLT_WMK_Ausgabe-7_2016.pdf\">15. HaLT_WMK_Ausgabe 7_2016<\/a><\/li>\n\n\n\n<li><a href=\"https:\/\/suchtpraevention-eschwege.de\/wp-content\/uploads\/2020\/01\/16.-HaLT_WMK_Ausgabe-9_2016.pdf\">16. HaLT_WMK_Ausgabe 9_2016<\/a><\/li>\n\n\n\n<li><a href=\"https:\/\/suchtpraevention-eschwege.de\/wp-content\/uploads\/2020\/01\/17.-HaLT_WMK_Ausgabe-05_2017.pdf\">17. HaLT_WMK_Ausgabe 05_2017<\/a><\/li>\n\n\n\n<li><a href=\"https:\/\/suchtpraevention-eschwege.de\/wp-content\/uploads\/2020\/01\/18.-HaLT_WMK_Ausgabe-10_2017.pdf\">18. HaLT_WMK_Ausgabe 10_2017<\/a><\/li>\n\n\n\n<li><a href=\"https:\/\/suchtpraevention-eschwege.de\/wp-content\/uploads\/2020\/01\/19.-HaLT_WMK_Ausgabe-02_2018.pdf\">19. HaLT_WMK_Ausgabe 02_2018<\/a><\/li>\n\n\n\n<li><a href=\"https:\/\/suchtpraevention-eschwege.de\/wp-content\/uploads\/2020\/01\/20.-HaLT_WMK_Ausgabe-07_2018.pdf\">20. HaLT_WMK_Ausgabe 07_2018<\/a><\/li>\n\n\n\n<li><a href=\"https:\/\/suchtpraevention-eschwege.de\/wp-content\/uploads\/2020\/01\/21.-HaLT_WMK_Ausgabe-07_2019.pdf\">21. HaLT_WMK_Ausgabe 07_2019<\/a><\/li>\n\n\n\n<li><a href=\"https:\/\/suchtpraevention-eschwege.de\/wp-content\/uploads\/2020\/11\/23.-HaLT_WMK_Ausgabe-06_2020.pdf\">22. HaLT_WMK_Ausgabe 06_2020<\/a><\/li>\n\n\n\n<li><a href=\"https:\/\/suchtpraevention-eschwege.de\/wp-content\/uploads\/2020\/11\/24.-HaLT_WMK_Ausgabe-09_2020.pdf\">23. HaLT_WMK_Ausgabe 09_2020<\/a><\/li>\n\n\n\n<li><a href=\"https:\/\/suchtpraevention-eschwege.de\/wp-content\/uploads\/2013\/03\/hls_broschuere_festveranstalter_web.pdf.pdf\">Tipps f\u00fcr Festveranstaltungen<\/a><\/li>\n\n\n\n<li><a href=\"https:\/\/suchtpraevention-eschwege.de\/wp-content\/uploads\/2013\/03\/halt_tipps_fuer_eltern.pdf\">Tipps f\u00fcr Eltern<\/a><\/li>\n<\/ul>\n\n\n\n<p>____________________________________________________________<\/p>\n\n\n\n<p><em>&nbsp;Noch mehr BzgA-Brosch\u00fcren finden sie <a href=\"http:\/\/www.bzga.de\/infomaterialien\/\" target=\"_blank\" rel=\"noreferrer noopener\">hier<\/a>.<\/em><\/p>\n","protected":false},"excerpt":{"rendered":"<p>Hier finden Sie Kontakte, Informationen, Tipps, News und vieles mehr zum downloaden: Jahresberichte der Fachstelle f\u00fcr Suchthilfe und Pr\u00e4vention: Konfirmation &amp; Alkohol: Alkoholfreie Cocktailrezepte: Infomaterial der Bundeszentrale f\u00fcr gesundheitliche Aufkl\u00e4rung (BZgA): Aus dem HaLT-Projekt: ____________________________________________________________ &nbsp;Noch mehr BzgA-Brosch\u00fcren finden sie hier.<\/p>\n","protected":false},"author":9,"featured_media":0,"parent":0,"menu_order":0,"comment_status":"closed","ping_status":"closed","template":"","meta":{"footnotes":""},"class_list":["post-2985","page","type-page","status-publish","hentry"],"_links":{"self":[{"href":"https:\/\/suchtpraevention-eschwege.de\/index.php?rest_route=\/wp\/v2\/pages\/2985","targetHints":{"allow":["GET"]}}],"collection":[{"href":"https:\/\/suchtpraevention-eschwege.de\/index.php?rest_route=\/wp\/v2\/pages"}],"about":[{"href":"https:\/\/suchtpraevention-eschwege.de\/index.php?rest_route=\/wp\/v2\/types\/page"}],"author":[{"embeddable":true,"href":"https:\/\/suchtpraevention-eschwege.de\/index.php?rest_route=\/wp\/v2\/users\/9"}],"replies":[{"embeddable":true,"href":"https:\/\/suchtpraevention-eschwege.de\/index.php?rest_route=%2Fwp%2Fv2%2Fcomments&post=2985"}],"version-history":[{"count":10,"href":"https:\/\/suchtpraevention-eschwege.de\/index.php?rest_route=\/wp\/v2\/pages\/2985\/revisions"}],"predecessor-version":[{"id":22209,"href":"https:\/\/suchtpraevention-eschwege.de\/index.php?rest_route=\/wp\/v2\/pages\/2985\/revisions\/22209"}],"wp:attachment":[{"href":"https:\/\/suchtpraevention-eschwege.de\/index.php?rest_route=%2Fwp%2Fv2%2Fmedia&parent=2985"}],"curies":[{"name":"wp","href":"https:\/\/api.w.org\/{rel}","templated":true}]}}