{"id":313,"date":"2013-03-28T11:49:56","date_gmt":"2013-03-28T09:49:56","guid":{"rendered":"http:\/\/suchtpraevention-eschwege.de\/?page_id=313"},"modified":"2022-04-22T09:40:57","modified_gmt":"2022-04-22T07:40:57","slug":"beratung-bei-exzessivem-medienkonsum","status":"publish","type":"page","link":"https:\/\/suchtpraevention-eschwege.de\/?page_id=313","title":{"rendered":"Beratung bei exzessivem Medienkonsum"},"content":{"rendered":"<p><strong>Beratung<\/strong><\/p>\n<p>Wir bieten Beratung bei exzessiver Computer-, Internet- und Mediennutzung. Das Angebot richtet sich an gef\u00e4hrdete und abh\u00e4ngige Jugendliche, junge Erwachsene und deren Eltern.<\/p>\n<ul>\n<li>Telefonische Beratung f\u00fcr Betroffene, deren Angeh\u00f6rige und Freunde<\/li>\n<li>Pers\u00f6nliche Beratung f\u00fcr Jugendliche und\/oder Eltern<\/li>\n<li>Bei Bedarf Weitervermittlung in station\u00e4re Therapie<\/li>\n<\/ul>\n<p>Telefon: 05651-3394292<\/p>\n\n\n<div style=\"height:20px\" aria-hidden=\"true\" class=\"wp-block-spacer\"><\/div>\n\n\n\n<p>Die <strong>BZgA<\/strong> hat die Kampagne <strong>\u201eIns Netz gehen\u201c<\/strong> gestartet, die sich mit Angeboten an Jugendliche und Eltern richtet. Die Internetseite <a href=\"http:\/\/www.ins-netz-gehen.de\/\" target=\"_blank\" rel=\"noreferrer noopener\">www.ins-netz-gehen.de<\/a> bietet Jugendlichen eine Vielzahl an interaktiv aufbereiteten Informationen zum Thema Computerspiel- und Internetnutzung, sowie praktische Hilfen.<\/p>\n","protected":false},"excerpt":{"rendered":"<p>Beratung Wir bieten Beratung bei exzessiver Computer-, Internet- und Mediennutzung. Das Angebot richtet sich an gef\u00e4hrdete und abh\u00e4ngige Jugendliche, junge Erwachsene und deren Eltern. Telefonische Beratung f\u00fcr Betroffene, deren Angeh\u00f6rige und Freunde Pers\u00f6nliche Beratung f\u00fcr Jugendliche und\/oder Eltern Bei Bedarf Weitervermittlung in station\u00e4re Therapie Telefon: 05651-3394292 Die BZgA hat die Kampagne \u201eIns Netz gehen\u201c gestartet, [&hellip;]<\/p>\n","protected":false},"author":9,"featured_media":0,"parent":0,"menu_order":0,"comment_status":"closed","ping_status":"open","template":"","meta":{"footnotes":""},"class_list":["post-313","page","type-page","status-publish","hentry"],"_links":{"self":[{"href":"https:\/\/suchtpraevention-eschwege.de\/index.php?rest_route=\/wp\/v2\/pages\/313","targetHints":{"allow":["GET"]}}],"collection":[{"href":"https:\/\/suchtpraevention-eschwege.de\/index.php?rest_route=\/wp\/v2\/pages"}],"about":[{"href":"https:\/\/suchtpraevention-eschwege.de\/index.php?rest_route=\/wp\/v2\/types\/page"}],"author":[{"embeddable":true,"href":"https:\/\/suchtpraevention-eschwege.de\/index.php?rest_route=\/wp\/v2\/users\/9"}],"replies":[{"embeddable":true,"href":"https:\/\/suchtpraevention-eschwege.de\/index.php?rest_route=%2Fwp%2Fv2%2Fcomments&post=313"}],"version-history":[{"count":22,"href":"https:\/\/suchtpraevention-eschwege.de\/index.php?rest_route=\/wp\/v2\/pages\/313\/revisions"}],"predecessor-version":[{"id":3311,"href":"https:\/\/suchtpraevention-eschwege.de\/index.php?rest_route=\/wp\/v2\/pages\/313\/revisions\/3311"}],"wp:attachment":[{"href":"https:\/\/suchtpraevention-eschwege.de\/index.php?rest_route=%2Fwp%2Fv2%2Fmedia&parent=313"}],"curies":[{"name":"wp","href":"https:\/\/api.w.org\/{rel}","templated":true}]}}