{"id":3177,"date":"2021-08-04T15:14:16","date_gmt":"2021-08-04T13:14:16","guid":{"rendered":"http:\/\/suchtpraevention-eschwege.de\/?page_id=3177"},"modified":"2026-03-06T08:59:40","modified_gmt":"2026-03-06T07:59:40","slug":"halt-elterntreff","status":"publish","type":"page","link":"https:\/\/suchtpraevention-eschwege.de\/?page_id=3177","title":{"rendered":"HaLT-Elterntreff"},"content":{"rendered":"\n<p>Jugendliche konsumieren Alkohol und\/oder illegale Drogen. Das macht Eltern und Erziehungsberechtigte unsicher. Sie wissen oft nicht, wie sie damit umgehen sollen. Im HaLT-Elterntreff k\u00f6nnen sie sich mit anderen austauschen und werden von der HaLT-Koordinatorin f\u00fcr den Werra-Mei\u00dfner-Kreis fachlich und p\u00e4dagogisch angeleitet.<\/p>\n\n\n\n<p>Der Elterntreff bringt Menschen zusammen, die ein gemeinsames Problem haben, um mit vereinten Kr\u00e4ften etwas zu dessen \u00dcberwindung beizutragen. <\/p>\n\n\n\n<p>Raum f\u00fcr sich selbst \u2013 zum Erfahrungsaustausch, zum Lernen und zum Ausprobieren,<\/p>\n\n\n\n<p>Verst\u00e4ndnis, Akzeptanz, Anerkennung und Wertsch\u00e4tzung der bisherigen eigenen Bem\u00fchungen,<\/p>\n\n\n\n<p>R\u00fcckmeldung und Austausch zum bisherigen Verhalten und den Konsequenzen.<\/p>\n\n\n\n<hr class=\"wp-block-separator has-css-opacity\"\/>\n\n\n\n<p class=\"has-text-align-center\"><\/p>\n\n\n\n<p>Bei Interesse melden Sie sich bitte telefonisch unter 05651 \u2013 33 94 296 oder per Mail <a href=\"mailto:suchtpraevention@diakonie-werra-meissner.de\">suchtpraevention@diakonie-werra-meissner.de<\/a> <\/p>\n\n\n\n<p><a rel=\"noreferrer noopener\" target=\"_blank\" href=\"https:\/\/www.facebook.com\/sharer\/sharer.php?u=https:\/\/suchtpraevention-eschwege.de\/elternselbsthilfegruppe-exzessiver-medienkonsum\/\"><\/a><a rel=\"noreferrer noopener\" href=\"https:\/\/twitter.com\/intent\/tweet?text=Elterntreff%20exzessiver%20Medienkonsum&amp;url=http%3A%2F%2Fsuchtpraevention-eschwege.de%2Felternselbsthilfegruppe-exzessiver-medienkonsum%2F&amp;\" target=\"_blank\"> <\/a><a rel=\"noreferrer noopener\" target=\"_blank\" href=\"https:\/\/plus.google.com\/share?url=https:\/\/suchtpraevention-eschwege.de\/elternselbsthilfegruppe-exzessiver-medienkonsum\/\"><\/a><a href=\"javascript:pinIt();\"> <\/a><a rel=\"noreferrer noopener\" target=\"_blank\" href=\"http:\/\/digg.com\/submit?phase=2%20&amp;url=https:\/\/suchtpraevention-eschwege.de\/elternselbsthilfegruppe-exzessiver-medienkonsum\/&amp;title=Elterntreff%20exzessiver%20Medienkonsum\"><\/a><\/p>\n","protected":false},"excerpt":{"rendered":"<p>Jugendliche konsumieren Alkohol und\/oder illegale Drogen. Das macht Eltern und Erziehungsberechtigte unsicher. Sie wissen oft nicht, wie sie damit umgehen sollen. Im HaLT-Elterntreff k\u00f6nnen sie sich mit anderen austauschen und werden von der HaLT-Koordinatorin f\u00fcr den Werra-Mei\u00dfner-Kreis fachlich und p\u00e4dagogisch angeleitet. Der Elterntreff bringt Menschen zusammen, die ein gemeinsames Problem haben, um mit vereinten Kr\u00e4ften [&hellip;]<\/p>\n","protected":false},"author":9,"featured_media":0,"parent":0,"menu_order":0,"comment_status":"closed","ping_status":"closed","template":"","meta":{"footnotes":""},"class_list":["post-3177","page","type-page","status-publish","hentry"],"_links":{"self":[{"href":"https:\/\/suchtpraevention-eschwege.de\/index.php?rest_route=\/wp\/v2\/pages\/3177","targetHints":{"allow":["GET"]}}],"collection":[{"href":"https:\/\/suchtpraevention-eschwege.de\/index.php?rest_route=\/wp\/v2\/pages"}],"about":[{"href":"https:\/\/suchtpraevention-eschwege.de\/index.php?rest_route=\/wp\/v2\/types\/page"}],"author":[{"embeddable":true,"href":"https:\/\/suchtpraevention-eschwege.de\/index.php?rest_route=\/wp\/v2\/users\/9"}],"replies":[{"embeddable":true,"href":"https:\/\/suchtpraevention-eschwege.de\/index.php?rest_route=%2Fwp%2Fv2%2Fcomments&post=3177"}],"version-history":[{"count":6,"href":"https:\/\/suchtpraevention-eschwege.de\/index.php?rest_route=\/wp\/v2\/pages\/3177\/revisions"}],"predecessor-version":[{"id":22251,"href":"https:\/\/suchtpraevention-eschwege.de\/index.php?rest_route=\/wp\/v2\/pages\/3177\/revisions\/22251"}],"wp:attachment":[{"href":"https:\/\/suchtpraevention-eschwege.de\/index.php?rest_route=%2Fwp%2Fv2%2Fmedia&parent=3177"}],"curies":[{"name":"wp","href":"https:\/\/api.w.org\/{rel}","templated":true}]}}