{"id":390,"date":"2013-03-29T12:38:37","date_gmt":"2013-03-29T10:38:37","guid":{"rendered":"http:\/\/suchtpraevention-eschwege.de\/?page_id=390"},"modified":"2022-05-06T12:49:35","modified_gmt":"2022-05-06T10:49:35","slug":"medienkompetenz","status":"publish","type":"page","link":"https:\/\/suchtpraevention-eschwege.de\/?page_id=390","title":{"rendered":"Pr\u00e4vention von Medienabh\u00e4ngigkeit"},"content":{"rendered":"<p>Wir vermitteln <strong>Medienkompetenz<\/strong> \u00fcber <strong>Schulprojekte, Elternabende und Fortbildungen.<\/strong><\/p>\n<ul>\n<li>Projekte mit Jugendlichen zum Thema Mediensucht, Soziale Netzwerke, Gewalt in Medien, Cybermobbing<\/li>\n<li>Angebote f\u00fcr Eltern<\/li>\n<li>Fortbildungen f\u00fcr Lehrer und andere p\u00e4dagogische\/beratende Fachkr\u00e4fte<\/li>\n<\/ul>\n<p>____________________________________________________________<\/p>\n<p><strong>F\u00fcr Grundschulen:<\/strong><\/p>\n<p align=\"center\">Fernsehen \u2013 Computer \u2013 Spielekonsolen<i><br \/><\/i>Wieviel Medienkonsum ist gut f\u00fcr unsere Kinder?<\/p>\n<p>Das Stichwort Medienkompetenz bzw. Medienerziehung gewinnt in der Erziehung immer mehr an Bedeutung.<\/p>\n<p>Unsere Kinder wachsen ganz selbstverst\u00e4ndlich mit den sogenannten Neuen Medien auf und gehen meistens ziemlich unbefangen und mit einer gro\u00dfen Portion Neugier damit um. In der Schule ist der Umgang mit Medien in vielen Bereichen bereits allt\u00e4glich geworden. Besonders das Internet bietet den Kindern eine Vielzahl von Chancen und M\u00f6glichkeiten, den eigenen Horizont zu erweitern.<\/p>\n<p>Trotzdem muss diese Kompetenz von Kindern genauso erworben werden wie etwa Lesen oder Schreiben. Sie m\u00fcssen lernen, wie sie das vielf\u00e4ltige Angebot in der virtuellen Welt angemessen nutzen und verantwortungsbewusst mit dem Internet umgehen k\u00f6nnen.<\/p>\n<p>Was es hei\u00dft, ganz selbstverst\u00e4ndlich in einem multimedialen Umfeld aufzuwachsen, k\u00f6nnen wir Erwachsene jedoch h\u00e4ufig nur schwer nachvollziehen. Entsprechend gro\u00df ist bei vielen die Verunsicherung, welche Auswirkungen diese neuen medialen Erfahrungen auf die kindliche Entwicklung und ihr Weltverst\u00e4ndnis haben.<\/p>\n<p>An diesem Abend werden gemeinsam Fragen rund um die Medienerziehung er\u00f6rtert und diskutiert.<\/p>\n<p>_____________________________________________________________________<\/p>\n<p><strong>F\u00fcr weiterf\u00fchrende Schulen:<\/strong><\/p>\n<h1>Tag der Medienkompetenz<\/h1>\n<p>Baustein 1 \u2013 Schulklassen-Workshops<br \/>Computerspiele \u2013 Soziale Netzwerke \u2013 Computerspielsucht \u2013 Cybermobbing<\/p>\n<p>In einer Unterrichtseinheit erarbeiten die Sch\u00fclerinnen und Sch\u00fcler PowerPoint Pr\u00e4sentationen zum Thema Soziale Netzwerke, Gewalt und Computerspiele, Cybermobbing und Computerspielsucht. Dar\u00fcber hinaus wird die eigene Mediennutzung reflektiert und f\u00fcr einen kompetenten Umgang mit Computerspielen und Sozialen Netzwerken sensibilisiert.<\/p>\n<p><b>Baustein 2 \u2013 Lehrerfortbildung<br \/><\/b>Digitale Spielr\u00e4ume \u2013 Basiswissen Computer- und Videospiele f\u00fcr P\u00e4dagogen<\/p>\n<p>Die zweist\u00fcndige Fortbildungsveranstaltung res\u00fcmiert den Unterricht am Vormittag und erweitert die dort vermittelten Inhalte zu Faszination und Wirkung um Aspekte der p\u00e4dagogischen Relevanz zur weiterf\u00fchrenden Auseinandersetzung mit Sch\u00fclerinnen und Sch\u00fclern. M\u00f6glichkeiten f\u00fcr konkrete Unterrichtseinheiten werden vorgestellt.<\/p>\n<p><b>Baustein 3 \u2013 Elternabend<br \/><\/b>Digitale Spielr\u00e4ume \u2013 Lost in space \u2013 Machen Computerspiele abh\u00e4ngig?<\/p>\n<p>Die Informationsveranstaltung erg\u00e4nzt die Schulung der Schulklassen am Vormittag. Die Eltern erfahren, was ihre Kinder gelernt haben und wie das Gelernte zu Hause sinnvoll aufgegriffen werden kann. Folgende Fragen werden u.a. er\u00f6rtert:<\/p>\n<p>Wie k\u00f6nnen Kinder zu Hause gef\u00f6rdert und unterst\u00fctzt werden? Was, wie und wann sollten Kinder und Jugendliche am Computer spielen? Machen Computerspiele abh\u00e4ngig? Wie k\u00f6nnen Kinder vor m\u00f6glichen Gefahren gesch\u00fctzt werden? Was machen Sie, wenn Ihr Kind zu lange vor dem Computer sitzt? Was tun gegen Cybermobbing?<br \/>_____________________________________________________<\/p>\n<p>Die BZgA hat die Kampagne <strong>\u201eIns Netz gehen\u201c<\/strong> gestartet, die sich mit Angeboten an Jugendliche und Eltern richtet. Die Internetseite <a title=\"ins Netz gehen\" href=\"http:\/\/www.ins-netz-gehen.de\/\" target=\"_blank\" rel=\"noopener noreferrer\">www.ins-netz-gehen.de<\/a> bietet Jugendlichen eine Vielzahl an interaktiv aufbereiteten Informationen zum Thema Computerspiel- und Internetnutzung, sowie praktische Hilfen.<\/p>\n\n\n<p>Bei Interesse melden Sie sich telefonische unter 05651-3394296 oder unter <a href=\"mailto:suchtpraevention@diakonie-werra-meissner.de\">suchtpraevention@diakonie-werra-meissner.de<\/a><\/p>\n","protected":false},"excerpt":{"rendered":"<p>Wir vermitteln Medienkompetenz \u00fcber Schulprojekte, Elternabende und Fortbildungen. Projekte mit Jugendlichen zum Thema Mediensucht, Soziale Netzwerke, Gewalt in Medien, Cybermobbing Angebote f\u00fcr Eltern Fortbildungen f\u00fcr Lehrer und andere p\u00e4dagogische\/beratende Fachkr\u00e4fte ____________________________________________________________ F\u00fcr Grundschulen: Fernsehen \u2013 Computer \u2013 SpielekonsolenWieviel Medienkonsum ist gut f\u00fcr unsere Kinder? Das Stichwort Medienkompetenz bzw. Medienerziehung gewinnt in der Erziehung immer mehr [&hellip;]<\/p>\n","protected":false},"author":9,"featured_media":0,"parent":0,"menu_order":0,"comment_status":"closed","ping_status":"open","template":"","meta":{"footnotes":""},"class_list":["post-390","page","type-page","status-publish","hentry"],"_links":{"self":[{"href":"https:\/\/suchtpraevention-eschwege.de\/index.php?rest_route=\/wp\/v2\/pages\/390","targetHints":{"allow":["GET"]}}],"collection":[{"href":"https:\/\/suchtpraevention-eschwege.de\/index.php?rest_route=\/wp\/v2\/pages"}],"about":[{"href":"https:\/\/suchtpraevention-eschwege.de\/index.php?rest_route=\/wp\/v2\/types\/page"}],"author":[{"embeddable":true,"href":"https:\/\/suchtpraevention-eschwege.de\/index.php?rest_route=\/wp\/v2\/users\/9"}],"replies":[{"embeddable":true,"href":"https:\/\/suchtpraevention-eschwege.de\/index.php?rest_route=%2Fwp%2Fv2%2Fcomments&post=390"}],"version-history":[{"count":12,"href":"https:\/\/suchtpraevention-eschwege.de\/index.php?rest_route=\/wp\/v2\/pages\/390\/revisions"}],"predecessor-version":[{"id":3348,"href":"https:\/\/suchtpraevention-eschwege.de\/index.php?rest_route=\/wp\/v2\/pages\/390\/revisions\/3348"}],"wp:attachment":[{"href":"https:\/\/suchtpraevention-eschwege.de\/index.php?rest_route=%2Fwp%2Fv2%2Fmedia&parent=390"}],"curies":[{"name":"wp","href":"https:\/\/api.w.org\/{rel}","templated":true}]}}