{"id":500,"date":"2013-04-15T10:38:11","date_gmt":"2013-04-15T08:38:11","guid":{"rendered":"http:\/\/suchtpraevention-eschwege.de\/?page_id=500"},"modified":"2021-06-17T11:46:00","modified_gmt":"2021-06-17T09:46:00","slug":"kindergarten","status":"publish","type":"page","link":"https:\/\/suchtpraevention-eschwege.de\/?page_id=500","title":{"rendered":"Kindergarten"},"content":{"rendered":"<p><strong>Wie passt Suchtpr\u00e4vention und Kindergarten zusammen?<\/strong><\/p>\n<p>Gerade im jungen Alter k\u00f6nnen soziale Kompetenzen gut erlernt werden, die sp\u00e4ter vor Gewalt- und Suchtverhalten sch\u00fctzen.<\/p>\n<p>Hier finden Sie unsere <strong>Angebote f\u00fcr Kinderg\u00e4rten<\/strong>. Wir arbeiten nach bundesweiten evaluierten Projekten, um die Wirkung und Nachhaltigkeit der Angebote zu gew\u00e4hrleisten. Gerne kommen wir in Ihren Kindergarten. Wir beraten Sie gern telefonisch und beantworten Ihre Fragen! <a title=\"Kontakt Suchtpr\u00e4vention\" href=\"https:\/\/suchtpraevention-eschwege.de\/kontakt\/\">&gt;&gt;Kontakt<\/a><\/p>\n<p><a href=\"https:\/\/suchtpraevention-eschwege.de\/wp-content\/uploads\/2013\/03\/Bild-014.jpg\"><img loading=\"lazy\" decoding=\"async\" class=\"size-medium wp-image-103 aligncenter\" src=\"https:\/\/suchtpraevention-eschwege.de\/wp-content\/uploads\/2013\/03\/Bild-014-300x225.jpg\" alt=\"DIGITAL CAMERA\" width=\"300\" height=\"225\" srcset=\"https:\/\/suchtpraevention-eschwege.de\/wp-content\/uploads\/2013\/03\/Bild-014-300x225.jpg 300w, https:\/\/suchtpraevention-eschwege.de\/wp-content\/uploads\/2013\/03\/Bild-014-1024x768.jpg 1024w, https:\/\/suchtpraevention-eschwege.de\/wp-content\/uploads\/2013\/03\/Bild-014.jpg 1280w\" sizes=\"auto, (max-width: 300px) 100vw, 300px\" \/><\/a><\/p>\n<p><strong>Papilio:<\/strong><\/p>\n<p>Papilio st\u00e4rkt die sozial-emotionalen Kompetenzen von Kindern, reduziert damit erste Verhaltensprobleme und beugt Sucht und Gewalt im Jugendalter vor.<\/p>\n<p><a title=\"Papilio \u2013 Pr\u00e4vention im Kindergarten\" href=\"https:\/\/suchtpraevention-eschwege.de\/alkoholpravention\/papilio-pravention-im-kindergarten\/\">&gt;&gt;Mehr erfahren<\/a><\/p>\n<p><strong>Spielzeugfreier Kindergarten:<\/strong><\/p>\n<p>Drei Monate ohne kommerzielles Spielzeug zur Schaffung eines eigenen Lern- und Spielraumes f\u00fcr eigene Fantasie der Kinde<\/p>\n<p><a title=\"Spielzeugfreier Kindergarten\" href=\"https:\/\/suchtpraevention-eschwege.de\/spielzeugfreier-kindergarten\/\">&gt;&gt;Mehr erfahren<\/a><\/p>\n","protected":false},"excerpt":{"rendered":"<p>Wie passt Suchtpr\u00e4vention und Kindergarten zusammen? Gerade im jungen Alter k\u00f6nnen soziale Kompetenzen gut erlernt werden, die sp\u00e4ter vor Gewalt- und Suchtverhalten sch\u00fctzen. Hier finden Sie unsere Angebote f\u00fcr Kinderg\u00e4rten. Wir arbeiten nach bundesweiten evaluierten Projekten, um die Wirkung und Nachhaltigkeit der Angebote zu gew\u00e4hrleisten. Gerne kommen wir in Ihren Kindergarten. Wir beraten Sie gern [&hellip;]<\/p>\n","protected":false},"author":6,"featured_media":0,"parent":0,"menu_order":0,"comment_status":"closed","ping_status":"open","template":"","meta":{"footnotes":""},"class_list":["post-500","page","type-page","status-publish","hentry"],"_links":{"self":[{"href":"https:\/\/suchtpraevention-eschwege.de\/index.php?rest_route=\/wp\/v2\/pages\/500","targetHints":{"allow":["GET"]}}],"collection":[{"href":"https:\/\/suchtpraevention-eschwege.de\/index.php?rest_route=\/wp\/v2\/pages"}],"about":[{"href":"https:\/\/suchtpraevention-eschwege.de\/index.php?rest_route=\/wp\/v2\/types\/page"}],"author":[{"embeddable":true,"href":"https:\/\/suchtpraevention-eschwege.de\/index.php?rest_route=\/wp\/v2\/users\/6"}],"replies":[{"embeddable":true,"href":"https:\/\/suchtpraevention-eschwege.de\/index.php?rest_route=%2Fwp%2Fv2%2Fcomments&post=500"}],"version-history":[{"count":15,"href":"https:\/\/suchtpraevention-eschwege.de\/index.php?rest_route=\/wp\/v2\/pages\/500\/revisions"}],"predecessor-version":[{"id":3130,"href":"https:\/\/suchtpraevention-eschwege.de\/index.php?rest_route=\/wp\/v2\/pages\/500\/revisions\/3130"}],"wp:attachment":[{"href":"https:\/\/suchtpraevention-eschwege.de\/index.php?rest_route=%2Fwp%2Fv2%2Fmedia&parent=500"}],"curies":[{"name":"wp","href":"https:\/\/api.w.org\/{rel}","templated":true}]}}