{"id":502,"date":"2013-04-15T10:38:56","date_gmt":"2013-04-15T08:38:56","guid":{"rendered":"http:\/\/suchtpraevention-eschwege.de\/?page_id=502"},"modified":"2019-07-31T10:32:39","modified_gmt":"2019-07-31T08:32:39","slug":"grundschule","status":"publish","type":"page","link":"https:\/\/suchtpraevention-eschwege.de\/?page_id=502","title":{"rendered":"Schule"},"content":{"rendered":"<p><a href=\"https:\/\/suchtpraevention-eschwege.de\/wp-content\/uploads\/2013\/03\/2-Drunkbuster.jpg\"><img loading=\"lazy\" decoding=\"async\" class=\" wp-image-273 alignleft\" style=\"margin-left: 10px; margin-right: 10px;\" src=\"https:\/\/suchtpraevention-eschwege.de\/wp-content\/uploads\/2013\/03\/2-Drunkbuster-300x225.jpg\" alt=\"KlarSicht2\" width=\"239\" height=\"183\" \/><\/a><br \/>\nHier finden Sie unsere <strong>Angebote rund um Schule<\/strong>. Wir arbeiten nach bundesweiten evaluierten Projekten, um die Wirkung und Nachhaltigkeit der Angebote zu gew\u00e4hrleisten. Gerne kommen wir in Ihre Schule. Wir beraten Sie gern telefonisch und beantworten Ihre Fragen! <a title=\"Kontakt Suchtpr\u00e4vention\" href=\"https:\/\/suchtpraevention-eschwege.de\/kontakt\/\">&gt;&gt;Kontakt<\/a><\/p>\n<h5><\/h5>\n<p>Klasse2000 \u2013 Suchtpr\u00e4vention in der Grundschule<br \/>\n<em><a title=\"Klasse2000 \u2013 Pr\u00e4vention in der Grundschule\" href=\"https:\/\/suchtpraevention-eschwege.de\/klasse2000-pravention-in-der-grundschule\/\">&gt;&gt;Mehr erfahren<\/a><\/em><\/p>\n<p>Workshops f\u00fcr Suchtpr\u00e4vention ab 7. Klasse<br \/>\n<a title=\"Workshop f\u00fcr Suchtpr\u00e4vention ab 7. Klasse\" href=\"https:\/\/suchtpraevention-eschwege.de\/workshop-fur-suchtpravention\/\"><em>&gt;&gt;Mehr erfahren<\/em><\/a><\/p>\n","protected":false},"excerpt":{"rendered":"<p>Hier finden Sie unsere Angebote rund um Schule. Wir arbeiten nach bundesweiten evaluierten Projekten, um die Wirkung und Nachhaltigkeit der Angebote zu gew\u00e4hrleisten. Gerne kommen wir in Ihre Schule. Wir beraten Sie gern telefonisch und beantworten Ihre Fragen! &gt;&gt;Kontakt Klasse2000 \u2013 Suchtpr\u00e4vention in der Grundschule &gt;&gt;Mehr erfahren Workshops f\u00fcr Suchtpr\u00e4vention ab 7. Klasse &gt;&gt;Mehr erfahren<\/p>\n","protected":false},"author":6,"featured_media":0,"parent":0,"menu_order":0,"comment_status":"closed","ping_status":"open","template":"","meta":{"footnotes":""},"class_list":["post-502","page","type-page","status-publish","hentry"],"_links":{"self":[{"href":"https:\/\/suchtpraevention-eschwege.de\/index.php?rest_route=\/wp\/v2\/pages\/502","targetHints":{"allow":["GET"]}}],"collection":[{"href":"https:\/\/suchtpraevention-eschwege.de\/index.php?rest_route=\/wp\/v2\/pages"}],"about":[{"href":"https:\/\/suchtpraevention-eschwege.de\/index.php?rest_route=\/wp\/v2\/types\/page"}],"author":[{"embeddable":true,"href":"https:\/\/suchtpraevention-eschwege.de\/index.php?rest_route=\/wp\/v2\/users\/6"}],"replies":[{"embeddable":true,"href":"https:\/\/suchtpraevention-eschwege.de\/index.php?rest_route=%2Fwp%2Fv2%2Fcomments&post=502"}],"version-history":[{"count":18,"href":"https:\/\/suchtpraevention-eschwege.de\/index.php?rest_route=\/wp\/v2\/pages\/502\/revisions"}],"predecessor-version":[{"id":2446,"href":"https:\/\/suchtpraevention-eschwege.de\/index.php?rest_route=\/wp\/v2\/pages\/502\/revisions\/2446"}],"wp:attachment":[{"href":"https:\/\/suchtpraevention-eschwege.de\/index.php?rest_route=%2Fwp%2Fv2%2Fmedia&parent=502"}],"curies":[{"name":"wp","href":"https:\/\/api.w.org\/{rel}","templated":true}]}}