{"id":577,"date":"2013-04-24T14:27:20","date_gmt":"2013-04-24T12:27:20","guid":{"rendered":"http:\/\/suchtpraevention-eschwege.de\/?page_id=577"},"modified":"2026-02-06T09:43:22","modified_gmt":"2026-02-06T08:43:22","slug":"info-und-motivationsgruppe","status":"publish","type":"page","link":"https:\/\/suchtpraevention-eschwege.de\/?page_id=577","title":{"rendered":"Gruppenangebote"},"content":{"rendered":"\n<p><strong>Informations- und Motivationsgruppe<\/strong><\/p>\n\n\n<p><a href=\"https:\/\/suchtpraevention-eschwege.de\/wp-content\/uploads\/2013\/04\/beratung-und-info.jpg\"><img loading=\"lazy\" decoding=\"async\" class=\" wp-image-586 alignleft\" src=\"https:\/\/suchtpraevention-eschwege.de\/wp-content\/uploads\/2013\/04\/beratung-und-info.jpg\" alt=\"beratung und info\" width=\"147\" height=\"147\" srcset=\"https:\/\/suchtpraevention-eschwege.de\/wp-content\/uploads\/2013\/04\/beratung-und-info.jpg 225w, https:\/\/suchtpraevention-eschwege.de\/wp-content\/uploads\/2013\/04\/beratung-und-info-150x150.jpg 150w\" sizes=\"auto, (max-width: 147px) 100vw, 147px\" \/><\/a><\/p>\n<ul>\n<li>Sie wollen sich auf eine Therapie vorbereiten?<\/li>\n<li>Sie trinken zu viel Alkohol, nehmen zu oft illegale Drogen oder spielen zu oft Gl\u00fccksspiele und w\u00fcrden dies gerne reduzieren?<\/li>\n<li>Sie leben bereits abstinent, clean oder spielfrei oder haben den Wunsch, den Konsum zu reduzieren?<\/li>\n<li>Sie w\u00fcnschen sich noch ein paar Gruppengespr\u00e4che zum Austausch und Stabilisierung?<\/li>\n<\/ul>\n<p>Dann sind Sie in unserer Informations- und Motivationsgruppe richtig. Denn Austausch mit Gleichgesinnten empfinden viele Personen als sehr hilfreich.<\/p>\n<p><strong>Jeden Donnerstag von 16:30 -17:30 Uhr<\/strong> (nur mit Vorgespr\u00e4ch)\u00a0<\/p>\n\n\n<div style=\"height:20px\" aria-hidden=\"true\" class=\"wp-block-spacer\"><\/div>\n\n\n\n<p><strong>Jugendgruppe<\/strong><\/p>\n\n\n\n<p>Neben unserer Informations- und Motivationsgruppe f\u00fcr Erwachsene bieten wir auch eine Jugendgruppe f\u00fcr unter 18-j\u00e4hrige an.<br>Dabei werden in mehreren einst\u00fcndigen Gruppengespr\u00e4chen verschiedene Themen mit den Jugendlichen bearbeitet. <strong>Zentrales Thema ist der Konsum von Suchtmitteln<\/strong>. Im gesch\u00fctzten Rahmen besch\u00e4ftigen sich die Jugendlichen mit<\/p>\n\n\n\n<ul class=\"wp-block-list\">\n<li>den Substanzen und deren Wirkungsweisen, Risiken und Nebenwirkungen<\/li>\n\n\n\n<li>der rechtlichen Situation<\/li>\n\n\n\n<li>dem Verlauf einer Abh\u00e4ngigkeitserkrankung.<\/li>\n<\/ul>\n\n\n\n<p>Ebenso werden individuelle Aspekte betrachtet<\/p>\n\n\n\n<ul class=\"wp-block-list\">\n<li>welche Gr\u00fcnde und Motive es f\u00fcr den Konsum gibt<\/li>\n\n\n\n<li>welche Situationen und Substanzen eine besondere Anziehungskraft haben<br>welche Konsequenzen drohen<\/li>\n<\/ul>\n\n\n\n<p>Wenn Interesse an der Teilnahme besteht, melden Sie sich unter 05651-339 42 92 und vereinbaren Sie einen Termin f\u00fcr ein Erstgespr\u00e4ch.<a rel=\"noreferrer noopener\" target=\"_blank\" href=\"http:\/\/digg.com\/submit?phase=2%20&amp;url=https:\/\/suchtpraevention-eschwege.de\/beispiel-seite\/&amp;title=Jugendgruppe\"><\/a><\/p>\n\n\n\n<p><\/p>\n\n\n\n<p><\/p>\n","protected":false},"excerpt":{"rendered":"<p>Informations- und Motivationsgruppe Sie wollen sich auf eine Therapie vorbereiten? Sie trinken zu viel Alkohol, nehmen zu oft illegale Drogen oder spielen zu oft Gl\u00fccksspiele und w\u00fcrden dies gerne reduzieren? Sie leben bereits abstinent, clean oder spielfrei oder haben den Wunsch, den Konsum zu reduzieren? Sie w\u00fcnschen sich noch ein paar Gruppengespr\u00e4che zum Austausch und [&hellip;]<\/p>\n","protected":false},"author":9,"featured_media":0,"parent":0,"menu_order":0,"comment_status":"closed","ping_status":"closed","template":"","meta":{"footnotes":""},"class_list":["post-577","page","type-page","status-publish","hentry"],"_links":{"self":[{"href":"https:\/\/suchtpraevention-eschwege.de\/index.php?rest_route=\/wp\/v2\/pages\/577","targetHints":{"allow":["GET"]}}],"collection":[{"href":"https:\/\/suchtpraevention-eschwege.de\/index.php?rest_route=\/wp\/v2\/pages"}],"about":[{"href":"https:\/\/suchtpraevention-eschwege.de\/index.php?rest_route=\/wp\/v2\/types\/page"}],"author":[{"embeddable":true,"href":"https:\/\/suchtpraevention-eschwege.de\/index.php?rest_route=\/wp\/v2\/users\/9"}],"replies":[{"embeddable":true,"href":"https:\/\/suchtpraevention-eschwege.de\/index.php?rest_route=%2Fwp%2Fv2%2Fcomments&post=577"}],"version-history":[{"count":36,"href":"https:\/\/suchtpraevention-eschwege.de\/index.php?rest_route=\/wp\/v2\/pages\/577\/revisions"}],"predecessor-version":[{"id":22221,"href":"https:\/\/suchtpraevention-eschwege.de\/index.php?rest_route=\/wp\/v2\/pages\/577\/revisions\/22221"}],"wp:attachment":[{"href":"https:\/\/suchtpraevention-eschwege.de\/index.php?rest_route=%2Fwp%2Fv2%2Fmedia&parent=577"}],"curies":[{"name":"wp","href":"https:\/\/api.w.org\/{rel}","templated":true}]}}