{"id":873,"date":"2013-09-02T14:51:09","date_gmt":"2013-09-02T12:51:09","guid":{"rendered":"http:\/\/suchtpraevention-eschwege.de\/?page_id=873"},"modified":"2026-03-06T08:53:39","modified_gmt":"2026-03-06T07:53:39","slug":"schulung-%c2%a7-3-hessische-spielhallengesetz","status":"publish","type":"page","link":"https:\/\/suchtpraevention-eschwege.de\/?page_id=873","title":{"rendered":"Schulung von Spielhallenpersonal nach \u00a74 Hessisches Spielhallengesetz"},"content":{"rendered":"<p>Wir bieten, in Kooperation mit dem Beratungs- und Behandlungszentrum f\u00fcr Abh\u00e4ngigkeitserkrankungen Bad Hersfeld, Schulungen f\u00fcr Spielhallenpersonal nach \u00a7 4 Hessisches Spielhallengesetz an.<\/p>\n<p>Bei Interesse melden Sie sich bitte an das Suchthilfezentrum Hersfeld-Rotenburg, Christina Heimeroth, Tel.: 06621 61091 oder per <a href=\"mailto:christina.heimeroth@ekkw.de\">E-Mail<\/a><\/p>\n<p>Bitte melden Sie sich mit diesem <a href=\"https:\/\/suchtpraevention-eschwege.de\/wp-content\/uploads\/2026\/02\/Anmeldeformular-zu-Schulungen-ab-2025.pdf\">Formular<\/a> an.<\/p>\n\n\n<p><\/p>\n","protected":false},"excerpt":{"rendered":"<p>Wir bieten, in Kooperation mit dem Beratungs- und Behandlungszentrum f\u00fcr Abh\u00e4ngigkeitserkrankungen Bad Hersfeld, Schulungen f\u00fcr Spielhallenpersonal nach \u00a7 4 Hessisches Spielhallengesetz an. Bei Interesse melden Sie sich bitte an das Suchthilfezentrum Hersfeld-Rotenburg, Christina Heimeroth, Tel.: 06621 61091 oder per E-Mail Bitte melden Sie sich mit diesem Formular an.<\/p>\n","protected":false},"author":9,"featured_media":0,"parent":0,"menu_order":0,"comment_status":"closed","ping_status":"closed","template":"","meta":{"footnotes":""},"class_list":["post-873","page","type-page","status-publish","hentry"],"_links":{"self":[{"href":"https:\/\/suchtpraevention-eschwege.de\/index.php?rest_route=\/wp\/v2\/pages\/873","targetHints":{"allow":["GET"]}}],"collection":[{"href":"https:\/\/suchtpraevention-eschwege.de\/index.php?rest_route=\/wp\/v2\/pages"}],"about":[{"href":"https:\/\/suchtpraevention-eschwege.de\/index.php?rest_route=\/wp\/v2\/types\/page"}],"author":[{"embeddable":true,"href":"https:\/\/suchtpraevention-eschwege.de\/index.php?rest_route=\/wp\/v2\/users\/9"}],"replies":[{"embeddable":true,"href":"https:\/\/suchtpraevention-eschwege.de\/index.php?rest_route=%2Fwp%2Fv2%2Fcomments&post=873"}],"version-history":[{"count":18,"href":"https:\/\/suchtpraevention-eschwege.de\/index.php?rest_route=\/wp\/v2\/pages\/873\/revisions"}],"predecessor-version":[{"id":22247,"href":"https:\/\/suchtpraevention-eschwege.de\/index.php?rest_route=\/wp\/v2\/pages\/873\/revisions\/22247"}],"wp:attachment":[{"href":"https:\/\/suchtpraevention-eschwege.de\/index.php?rest_route=%2Fwp%2Fv2%2Fmedia&parent=873"}],"curies":[{"name":"wp","href":"https:\/\/api.w.org\/{rel}","templated":true}]}}